{"id":139,"date":"2025-10-08T22:38:54","date_gmt":"2025-10-08T20:38:54","guid":{"rendered":"https:\/\/connectutahus.com\/?page_id=139"},"modified":"2026-04-26T15:15:32","modified_gmt":"2026-04-26T21:15:32","slug":"eventos","status":"publish","type":"page","link":"https:\/\/connectutahus.com\/en\/eventos\/","title":{"rendered":"Events"},"content":{"rendered":"<div data-elementor-type=\"wp-page\" data-elementor-id=\"139\" class=\"elementor elementor-139\" data-elementor-settings=\"{&quot;ha_cmc_init_switcher&quot;:&quot;no&quot;}\" data-elementor-post-type=\"page\">\n\t\t\t\t<div class=\"elementor-element elementor-element-9d9e5cc e-flex e-con-boxed e-con e-parent\" data-id=\"9d9e5cc\" data-element_type=\"container\" data-e-type=\"container\" data-settings=\"{&quot;background_background&quot;:&quot;classic&quot;,&quot;_ha_eqh_enable&quot;:false}\">\n\t\t\t\t\t<div class=\"e-con-inner\">\n\t\t<div class=\"elementor-element elementor-element-80f28c9 e-con-full e-flex e-con e-child\" data-id=\"80f28c9\" data-element_type=\"container\" data-e-type=\"container\" data-settings=\"{&quot;_ha_eqh_enable&quot;:false}\">\n\t\t\t\t<div class=\"elementor-element elementor-element-5ebea7a elementor-widget elementor-widget-heading\" data-id=\"5ebea7a\" data-element_type=\"widget\" data-e-type=\"widget\" data-widget_type=\"heading.default\">\n\t\t\t\t\t<h1 class=\"elementor-heading-title elementor-size-default\">Be part of Utah's top business events.<\/h1>\t\t\t\t<\/div>\n\t\t\t\t<\/div>\n\t\t<div class=\"elementor-element elementor-element-0926142 e-con-full e-flex e-con e-child\" data-id=\"0926142\" data-element_type=\"container\" data-e-type=\"container\" data-settings=\"{&quot;_ha_eqh_enable&quot;:false}\">\n\t\t\t\t<\/div>\n\t\t\t\t\t<\/div>\n\t\t\t\t<\/div>\n\t\t<div class=\"elementor-element elementor-element-260922a e-flex e-con-boxed e-con e-parent\" data-id=\"260922a\" data-element_type=\"container\" data-e-type=\"container\" data-settings=\"{&quot;_ha_eqh_enable&quot;:false}\">\n\t\t\t\t\t<div class=\"e-con-inner\">\n\t\t\t\t<div class=\"elementor-element elementor-element-3868678 elementor-widget elementor-widget-heading\" data-id=\"3868678\" data-element_type=\"widget\" data-e-type=\"widget\" data-widget_type=\"heading.default\">\n\t\t\t\t\t<h1 class=\"elementor-heading-title elementor-size-default\">Our next event is coming soon!<\/h1>\t\t\t\t<\/div>\n\t\t\t\t<div class=\"elementor-element elementor-element-963e34f elementor-countdown--label-block elementor-widget elementor-widget-countdown\" data-id=\"963e34f\" data-element_type=\"widget\" data-e-type=\"widget\" data-widget_type=\"countdown.default\">\n\t\t\t\t\t\t\t<div class=\"elementor-countdown-wrapper\" data-date=\"1778952600\">\n\t\t\t<div class=\"elementor-countdown-item\"><span class=\"elementor-countdown-digits elementor-countdown-days\"><\/span> <span class=\"elementor-countdown-label\">Days<\/span><\/div><div class=\"elementor-countdown-item\"><span class=\"elementor-countdown-digits elementor-countdown-hours\"><\/span> <span class=\"elementor-countdown-label\">Hours<\/span><\/div><div class=\"elementor-countdown-item\"><span class=\"elementor-countdown-digits elementor-countdown-minutes\"><\/span> <span class=\"elementor-countdown-label\">Minutos<\/span><\/div><div class=\"elementor-countdown-item\"><span class=\"elementor-countdown-digits elementor-countdown-seconds\"><\/span> <span class=\"elementor-countdown-label\">Seconds<\/span><\/div>\t\t<\/div>\n\t\t\t\t\t\t<\/div>\n\t\t\t\t<div class=\"elementor-element elementor-element-afb0826 elementor-widget elementor-widget-ha-creative-button happy-addon ha-creative-button\" data-id=\"afb0826\" data-element_type=\"widget\" data-e-type=\"widget\" data-widget_type=\"ha-creative-button.default\">\n\t\t\t\t\t\t\t<div data-magnetic=\"no\" class=\"ha-creative-btn-wrap\">\n\t\t\t<a class=\"ha-creative-btn ha-stl--symbolab ha-eft--back-in-right\" href=\"https:\/\/forms.gle\/J7NaY3uGewJY5f587\">Register for the next event<i aria-hidden=\"true\" class=\"fas fa-ticket-alt\"><\/i><\/a>\n\t\t<\/div>\t\t\t\t<\/div>\n\t\t\t\t\t<\/div>\n\t\t\t\t<\/div>\n\t\t<div class=\"elementor-element elementor-element-6c4068a e-flex e-con-boxed e-con e-parent\" data-id=\"6c4068a\" data-element_type=\"container\" data-e-type=\"container\" data-settings=\"{&quot;_ha_eqh_enable&quot;:false}\">\n\t\t\t\t\t<div class=\"e-con-inner\">\n\t\t\t\t<div data-ha-element-link=\"{&quot;url&quot;:&quot;https:\\\/\\\/www.instagram.com\\\/bestnow_group\\\/&quot;,&quot;is_external&quot;:&quot;&quot;,&quot;nofollow&quot;:&quot;&quot;}\" style=\"cursor: pointer\" class=\"elementor-element elementor-element-dcaf174 elementor-widget__width-inherit elementor-widget elementor-widget-image\" data-id=\"dcaf174\" data-element_type=\"widget\" data-e-type=\"widget\" data-widget_type=\"image.default\">\n\t\t\t\t\t\t\t\t\t\t\t\t\t\t\t\t<a href=\"https:\/\/www.instagram.com\/bestnow_group\/\">\n\t\t\t\t\t\t\t<img fetchpriority=\"high\" decoding=\"async\" width=\"1536\" height=\"272\" src=\"https:\/\/connectutahus.com\/wp-content\/uploads\/2026\/01\/banner-next-media-marketing-1-1536x272.png\" class=\"attachment-1536x1536 size-1536x1536 wp-image-775\" alt=\"\" srcset=\"https:\/\/connectutahus.com\/wp-content\/uploads\/2026\/01\/banner-next-media-marketing-1-1536x272.png 1536w, https:\/\/connectutahus.com\/wp-content\/uploads\/2026\/01\/banner-next-media-marketing-1-300x53.png 300w, https:\/\/connectutahus.com\/wp-content\/uploads\/2026\/01\/banner-next-media-marketing-1-1024x181.png 1024w, https:\/\/connectutahus.com\/wp-content\/uploads\/2026\/01\/banner-next-media-marketing-1-768x136.png 768w, https:\/\/connectutahus.com\/wp-content\/uploads\/2026\/01\/banner-next-media-marketing-1-18x3.png 18w, https:\/\/connectutahus.com\/wp-content\/uploads\/2026\/01\/banner-next-media-marketing-1.png 1920w\" sizes=\"(max-width: 1536px) 100vw, 1536px\" \/>\t\t\t\t\t\t\t\t<\/a>\n\t\t\t\t\t\t\t\t\t\t\t\t\t\t\t<\/div>\n\t\t\t\t\t<\/div>\n\t\t\t\t<\/div>\n\t\t<div class=\"elementor-element elementor-element-73e7df3 e-flex e-con-boxed e-con e-parent\" data-id=\"73e7df3\" data-element_type=\"container\" data-e-type=\"container\" data-settings=\"{&quot;_ha_eqh_enable&quot;:false}\">\n\t\t\t\t\t<div class=\"e-con-inner\">\n\t\t<div class=\"elementor-element elementor-element-137a2e7 e-con-full e-flex e-con e-child\" data-id=\"137a2e7\" data-element_type=\"container\" data-e-type=\"container\" data-settings=\"{&quot;_ha_eqh_enable&quot;:false}\">\n\t\t\t\t<\/div>\n\t\t<div class=\"elementor-element elementor-element-d13e6f6 e-con-full e-flex e-con e-child\" data-id=\"d13e6f6\" data-element_type=\"container\" data-e-type=\"container\" data-settings=\"{&quot;_ha_eqh_enable&quot;:false}\">\n\t\t\t\t<\/div>\n\t\t<div class=\"elementor-element elementor-element-a76bb2c e-con-full e-flex e-con e-child\" data-id=\"a76bb2c\" data-element_type=\"container\" data-e-type=\"container\" data-settings=\"{&quot;_ha_eqh_enable&quot;:false}\">\n\t\t\t\t<\/div>\n\t\t<div class=\"elementor-element elementor-element-1d8ec6d e-con-full e-flex e-con e-child\" data-id=\"1d8ec6d\" data-element_type=\"container\" data-e-type=\"container\" data-settings=\"{&quot;_ha_eqh_enable&quot;:false}\">\n\t\t\t\t<\/div>\n\t\t\t\t\t<\/div>\n\t\t\t\t<\/div>\n\t\t\t\t<\/div>","protected":false},"excerpt":{"rendered":"<p>Forma parte de los principales eventos de negocios en Utah. \u00a1Nuestro pr\u00f3ximo evento est\u00e1 muy cerca! D\u00edas Horas Minutos Segundo Reg\u00edstrate en el pr\u00f3ximo evento<\/p>","protected":false},"author":1,"featured_media":0,"parent":0,"menu_order":0,"comment_status":"closed","ping_status":"closed","template":"elementor_header_footer","meta":{"footnotes":""},"class_list":["post-139","page","type-page","status-publish","hentry"],"_links":{"self":[{"href":"https:\/\/connectutahus.com\/en\/wp-json\/wp\/v2\/pages\/139","targetHints":{"allow":["GET"]}}],"collection":[{"href":"https:\/\/connectutahus.com\/en\/wp-json\/wp\/v2\/pages"}],"about":[{"href":"https:\/\/connectutahus.com\/en\/wp-json\/wp\/v2\/types\/page"}],"author":[{"embeddable":true,"href":"https:\/\/connectutahus.com\/en\/wp-json\/wp\/v2\/users\/1"}],"replies":[{"embeddable":true,"href":"https:\/\/connectutahus.com\/en\/wp-json\/wp\/v2\/comments?post=139"}],"version-history":[{"count":20,"href":"https:\/\/connectutahus.com\/en\/wp-json\/wp\/v2\/pages\/139\/revisions"}],"predecessor-version":[{"id":836,"href":"https:\/\/connectutahus.com\/en\/wp-json\/wp\/v2\/pages\/139\/revisions\/836"}],"wp:attachment":[{"href":"https:\/\/connectutahus.com\/en\/wp-json\/wp\/v2\/media?parent=139"}],"curies":[{"name":"wp","href":"https:\/\/api.w.org\/{rel}","templated":true}]}}