{"id":99,"date":"2025-10-08T15:05:29","date_gmt":"2025-10-08T13:05:29","guid":{"rendered":"https:\/\/connectutahus.com\/?page_id=99"},"modified":"2025-10-11T00:46:48","modified_gmt":"2025-10-10T22:46:48","slug":"comunidad","status":"publish","type":"page","link":"https:\/\/connectutahus.com\/en\/comunidad\/","title":{"rendered":"Community"},"content":{"rendered":"\t\t<div data-elementor-type=\"wp-page\" data-elementor-id=\"99\" class=\"elementor elementor-99\" data-elementor-settings=\"{&quot;ha_cmc_init_switcher&quot;:&quot;no&quot;}\" data-elementor-post-type=\"page\">\n\t\t\t\t<div class=\"elementor-element elementor-element-07cb0ec e-flex e-con-boxed e-con e-parent\" data-id=\"07cb0ec\" data-element_type=\"container\" data-e-type=\"container\" data-settings=\"{&quot;background_background&quot;:&quot;slideshow&quot;,&quot;background_slideshow_gallery&quot;:[{&quot;id&quot;:53,&quot;url&quot;:&quot;https:\\\/\\\/connectutahus.com\\\/wp-content\\\/uploads\\\/2025\\\/10\\\/realtor-banner.png&quot;},{&quot;id&quot;:43,&quot;url&quot;:&quot;https:\\\/\\\/connectutahus.com\\\/wp-content\\\/uploads\\\/2025\\\/10\\\/RESPOTERIA-BANNER.png&quot;},{&quot;id&quot;:51,&quot;url&quot;:&quot;https:\\\/\\\/connectutahus.com\\\/wp-content\\\/uploads\\\/2025\\\/10\\\/MECANICO-BANNER.png&quot;},{&quot;id&quot;:49,&quot;url&quot;:&quot;https:\\\/\\\/connectutahus.com\\\/wp-content\\\/uploads\\\/2025\\\/10\\\/PANADERA-BANNER.png&quot;},{&quot;id&quot;:52,&quot;url&quot;:&quot;https:\\\/\\\/connectutahus.com\\\/wp-content\\\/uploads\\\/2025\\\/10\\\/DISENADOR-GRAFICO-BANNEER.png&quot;},{&quot;id&quot;:50,&quot;url&quot;:&quot;https:\\\/\\\/connectutahus.com\\\/wp-content\\\/uploads\\\/2025\\\/10\\\/PINTOR-BANNER.png&quot;},{&quot;id&quot;:48,&quot;url&quot;:&quot;https:\\\/\\\/connectutahus.com\\\/wp-content\\\/uploads\\\/2025\\\/10\\\/CARPINTERO-BANNER.png&quot;}],&quot;background_slideshow_slide_transition&quot;:&quot;slide_up&quot;,&quot;background_slideshow_transition_duration&quot;:2000,&quot;background_slideshow_loop&quot;:&quot;yes&quot;,&quot;background_slideshow_slide_duration&quot;:5000,&quot;_ha_eqh_enable&quot;:false}\">\n\t\t\t\t\t<div class=\"e-con-inner\">\n\t\t\t\t<div class=\"elementor-element elementor-element-17f23a5 elementor-widget elementor-widget-spacer\" data-id=\"17f23a5\" data-element_type=\"widget\" data-e-type=\"widget\" data-widget_type=\"spacer.default\">\n\t\t\t\t\t\t\t<div class=\"elementor-spacer\">\n\t\t\t<div class=\"elementor-spacer-inner\"><\/div>\n\t\t<\/div>\n\t\t\t\t\t\t<\/div>\n\t\t\t\t<div class=\"elementor-element elementor-element-594d905 elementor-widget elementor-widget-heading\" data-id=\"594d905\" data-element_type=\"widget\" data-e-type=\"widget\" data-widget_type=\"heading.default\">\n\t\t\t\t\t<h1 class=\"elementor-heading-title elementor-size-default\">Haz que tu negocio brille en la comunidad.<\/h1>\t\t\t\t<\/div>\n\t\t\t\t<div class=\"elementor-element elementor-element-072c9f6 elementor-widget elementor-widget-ha-creative-button happy-addon ha-creative-button\" data-id=\"072c9f6\" data-element_type=\"widget\" data-e-type=\"widget\" data-widget_type=\"ha-creative-button.default\">\n\t\t\t\t\t\t\t<div data-magnetic=\"no\" class=\"ha-creative-btn-wrap\">\n\t\t\t<a class=\"ha-creative-btn ha-stl--symbolab ha-eft--back-in-right\" href=\"https:\/\/connectutahus.com\/sign-in\/\">Reg\u00edstrate<i aria-hidden=\"true\" class=\"hm hm-user-plus\"><\/i><\/a>\n\t\t<\/div>\t\t\t\t<\/div>\n\t\t\t\t<div class=\"elementor-element elementor-element-6584747 elementor-widget elementor-widget-spacer\" data-id=\"6584747\" data-element_type=\"widget\" data-e-type=\"widget\" data-widget_type=\"spacer.default\">\n\t\t\t\t\t\t\t<div class=\"elementor-spacer\">\n\t\t\t<div class=\"elementor-spacer-inner\"><\/div>\n\t\t<\/div>\n\t\t\t\t\t\t<\/div>\n\t\t\t\t\t<\/div>\n\t\t\t\t<\/div>\n\t\t<div class=\"elementor-element elementor-element-fc0b1ac e-flex e-con-boxed e-con e-parent\" data-id=\"fc0b1ac\" data-element_type=\"container\" data-e-type=\"container\" data-settings=\"{&quot;_ha_eqh_enable&quot;:false}\">\n\t\t\t\t\t<div class=\"e-con-inner\">\n\t\t<div class=\"elementor-element elementor-element-0119915 e-con-full e-transform e-flex e-con e-child\" data-id=\"0119915\" data-element_type=\"container\" data-e-type=\"container\" data-settings=\"{&quot;background_background&quot;:&quot;classic&quot;,&quot;_transform_scale_effect_hover&quot;:{&quot;unit&quot;:&quot;px&quot;,&quot;size&quot;:1.100000000000000088817841970012523233890533447265625,&quot;sizes&quot;:[]},&quot;_ha_eqh_enable&quot;:false,&quot;_transform_scale_effect_hover_tablet&quot;:{&quot;unit&quot;:&quot;px&quot;,&quot;size&quot;:&quot;&quot;,&quot;sizes&quot;:[]},&quot;_transform_scale_effect_hover_mobile&quot;:{&quot;unit&quot;:&quot;px&quot;,&quot;size&quot;:&quot;&quot;,&quot;sizes&quot;:[]}}\">\n\t\t\t\t<div class=\"elementor-element elementor-element-64ba914 elementor-widget elementor-widget-heading\" data-id=\"64ba914\" data-element_type=\"widget\" data-e-type=\"widget\" data-widget_type=\"heading.default\">\n\t\t\t\t\t<h2 class=\"elementor-heading-title elementor-size-default\">una red que impulsa el crecimiento<\/h2>\t\t\t\t<\/div>\n\t\t\t\t<div class=\"elementor-element elementor-element-c884197 elementor-widget elementor-widget-text-editor\" data-id=\"c884197\" data-element_type=\"widget\" data-e-type=\"widget\" data-widget_type=\"text-editor.default\">\n\t\t\t\t\t\t\t\t\t<p><span style=\"font-weight: 400;\">Unirte a <strong>Connect Utah<\/strong> significa ser parte de una red que impulsa el crecimiento de tu negocio y lo conecta con miles de usuarios en el estado. Aqu\u00ed no solo ganas visibilidad, sino tambi\u00e9n confianza y respaldo de una comunidad que cree en el poder de trabajar juntos. Los usuarios tambi\u00e9n se benefician accediendo a descuentos, membres\u00edas y eventos especiales.<\/span><\/p>\t\t\t\t\t\t\t\t<\/div>\n\t\t\t\t<\/div>\n\t\t<div class=\"elementor-element elementor-element-333f059 e-con-full e-flex e-con e-child\" data-id=\"333f059\" data-element_type=\"container\" data-e-type=\"container\" data-settings=\"{&quot;_ha_eqh_enable&quot;:false}\">\n\t\t\t\t<div class=\"elementor-element elementor-element-7712ebb elementor-widget elementor-widget-image\" data-id=\"7712ebb\" data-element_type=\"widget\" data-e-type=\"widget\" data-widget_type=\"image.default\">\n\t\t\t\t\t\t\t\t\t\t\t\t\t\t\t<img decoding=\"async\" src=\"https:\/\/connectutahus.com\/wp-content\/uploads\/elementor\/thumbs\/Diseno-sin-titulo-8-rd0tfc6r2hazxe74d08dpip5njvlbwwjy5stuehlkg.png\" title=\"Dise\u00f1o sin t\u00edtulo (8)\" alt=\"Dise\u00f1o sin t\u00edtulo (8)\" loading=\"lazy\" \/>\t\t\t\t\t\t\t\t\t\t\t\t\t\t\t<\/div>\n\t\t\t\t<\/div>\n\t\t\t\t\t<\/div>\n\t\t\t\t<\/div>\n\t\t<div class=\"elementor-element elementor-element-7ce95c6 e-flex e-con-boxed e-con e-parent\" data-id=\"7ce95c6\" data-element_type=\"container\" data-e-type=\"container\" data-settings=\"{&quot;_ha_eqh_enable&quot;:false}\">\n\t\t\t\t\t<div class=\"e-con-inner\">\n\t\t\t\t<div class=\"elementor-element elementor-element-1786f48 elementor-widget elementor-widget-heading\" data-id=\"1786f48\" data-element_type=\"widget\" data-e-type=\"widget\" data-widget_type=\"heading.default\">\n\t\t\t\t\t<h2 class=\"elementor-heading-title elementor-size-default\">Beneficios<\/h2>\t\t\t\t<\/div>\n\t\t\t\t\t<\/div>\n\t\t\t\t<\/div>\n\t\t<div class=\"elementor-element elementor-element-87b9a18 e-con-full e-flex e-con e-parent\" data-id=\"87b9a18\" data-element_type=\"container\" data-e-type=\"container\" data-settings=\"{&quot;_ha_eqh_enable&quot;:false}\">\n\t\t<div class=\"elementor-element elementor-element-843c57e e-con-full e-flex e-con e-child\" data-id=\"843c57e\" data-element_type=\"container\" data-e-type=\"container\" data-settings=\"{&quot;_ha_eqh_enable&quot;:false}\">\n\t\t\t\t<div class=\"elementor-element elementor-element-9ddeeeb elementor-view-default elementor-widget elementor-widget-icon\" data-id=\"9ddeeeb\" data-element_type=\"widget\" data-e-type=\"widget\" data-widget_type=\"icon.default\">\n\t\t\t\t\t\t\t<div class=\"elementor-icon-wrapper\">\n\t\t\t<div class=\"elementor-icon\">\n\t\t\t<i aria-hidden=\"true\" class=\"hm hm-search\"><\/i>\t\t\t<\/div>\n\t\t<\/div>\n\t\t\t\t\t\t<\/div>\n\t\t\t\t<div class=\"elementor-element elementor-element-2cd4f43 elementor-widget elementor-widget-text-editor\" data-id=\"2cd4f43\" data-element_type=\"widget\" data-e-type=\"widget\" data-widget_type=\"text-editor.default\">\n\t\t\t\t\t\t\t\t\t<p><span style=\"font-weight: 400;\">Mayor visibilidad en l\u00ednea.<\/span><\/p>\t\t\t\t\t\t\t\t<\/div>\n\t\t\t\t<\/div>\n\t\t<div class=\"elementor-element elementor-element-8679250 e-con-full e-flex e-con e-child\" data-id=\"8679250\" data-element_type=\"container\" data-e-type=\"container\" data-settings=\"{&quot;_ha_eqh_enable&quot;:false}\">\n\t\t\t\t<div class=\"elementor-element elementor-element-d2543f4 elementor-view-default elementor-widget elementor-widget-icon\" data-id=\"d2543f4\" data-element_type=\"widget\" data-e-type=\"widget\" data-widget_type=\"icon.default\">\n\t\t\t\t\t\t\t<div class=\"elementor-icon-wrapper\">\n\t\t\t<div class=\"elementor-icon\">\n\t\t\t<i aria-hidden=\"true\" class=\"hm hm-add-peoples\"><\/i>\t\t\t<\/div>\n\t\t<\/div>\n\t\t\t\t\t\t<\/div>\n\t\t\t\t<div class=\"elementor-element elementor-element-f40b5da elementor-widget elementor-widget-text-editor\" data-id=\"f40b5da\" data-element_type=\"widget\" data-e-type=\"widget\" data-widget_type=\"text-editor.default\">\n\t\t\t\t\t\t\t\t\t<p><span style=\"font-weight: 400;\">Espacios de networking y colaboraci\u00f3n.<\/span><span style=\"font-weight: 400;\"><br \/><\/span><\/p>\t\t\t\t\t\t\t\t<\/div>\n\t\t\t\t<\/div>\n\t\t<div class=\"elementor-element elementor-element-400d788 e-con-full e-flex e-con e-child\" data-id=\"400d788\" data-element_type=\"container\" data-e-type=\"container\" data-settings=\"{&quot;_ha_eqh_enable&quot;:false}\">\n\t\t\t\t<div class=\"elementor-element elementor-element-ebedac3 elementor-view-default elementor-widget elementor-widget-icon\" data-id=\"ebedac3\" data-element_type=\"widget\" data-e-type=\"widget\" data-widget_type=\"icon.default\">\n\t\t\t\t\t\t\t<div class=\"elementor-icon-wrapper\">\n\t\t\t<div class=\"elementor-icon\">\n\t\t\t<i aria-hidden=\"true\" class=\"hm hm-rocket2\"><\/i>\t\t\t<\/div>\n\t\t<\/div>\n\t\t\t\t\t\t<\/div>\n\t\t\t\t<div class=\"elementor-element elementor-element-21b06e4 elementor-widget elementor-widget-text-editor\" data-id=\"21b06e4\" data-element_type=\"widget\" data-e-type=\"widget\" data-widget_type=\"text-editor.default\">\n\t\t\t\t\t\t\t\t\t<p><span style=\"font-weight: 400;\">Promoci\u00f3n en redes sociales.<\/span><\/p>\t\t\t\t\t\t\t\t<\/div>\n\t\t\t\t<\/div>\n\t\t<div class=\"elementor-element elementor-element-46dc610 e-con-full e-flex e-con e-child\" data-id=\"46dc610\" data-element_type=\"container\" data-e-type=\"container\" data-settings=\"{&quot;_ha_eqh_enable&quot;:false}\">\n\t\t\t\t<div class=\"elementor-element elementor-element-5d5f9d9 elementor-view-default elementor-widget elementor-widget-icon\" data-id=\"5d5f9d9\" data-element_type=\"widget\" data-e-type=\"widget\" data-widget_type=\"icon.default\">\n\t\t\t\t\t\t\t<div class=\"elementor-icon-wrapper\">\n\t\t\t<div class=\"elementor-icon\">\n\t\t\t<i aria-hidden=\"true\" class=\"hm hm-global-badge\"><\/i>\t\t\t<\/div>\n\t\t<\/div>\n\t\t\t\t\t\t<\/div>\n\t\t\t\t<div class=\"elementor-element elementor-element-ef9adc8 elementor-widget elementor-widget-text-editor\" data-id=\"ef9adc8\" data-element_type=\"widget\" data-e-type=\"widget\" data-widget_type=\"text-editor.default\">\n\t\t\t\t\t\t\t\t\t<p><span style=\"font-weight: 400;\">Acceso a eventos exclusivos y premios.<\/span><span style=\"font-weight: 400;\"><br \/><\/span><\/p>\t\t\t\t\t\t\t\t<\/div>\n\t\t\t\t<\/div>\n\t\t<div class=\"elementor-element elementor-element-b99a102 e-con-full e-flex e-con e-child\" data-id=\"b99a102\" data-element_type=\"container\" data-e-type=\"container\" data-settings=\"{&quot;_ha_eqh_enable&quot;:false}\">\n\t\t\t\t<div class=\"elementor-element elementor-element-79c982f elementor-view-default elementor-widget elementor-widget-icon\" data-id=\"79c982f\" data-element_type=\"widget\" data-e-type=\"widget\" data-widget_type=\"icon.default\">\n\t\t\t\t\t\t\t<div class=\"elementor-icon-wrapper\">\n\t\t\t<div class=\"elementor-icon\">\n\t\t\t<i aria-hidden=\"true\" class=\"hm hm-checkout-invoice\"><\/i>\t\t\t<\/div>\n\t\t<\/div>\n\t\t\t\t\t\t<\/div>\n\t\t\t\t<div class=\"elementor-element elementor-element-4e896fe elementor-widget elementor-widget-text-editor\" data-id=\"4e896fe\" data-element_type=\"widget\" data-e-type=\"widget\" data-widget_type=\"text-editor.default\">\n\t\t\t\t\t\t\t\t\t<p><span style=\"font-weight: 400;\">Beneficios exclusivos: descuentos, membres\u00edas y experiencias.<\/span><\/p>\t\t\t\t\t\t\t\t<\/div>\n\t\t\t\t<\/div>\n\t\t\t\t<\/div>\n\t\t<div class=\"elementor-element elementor-element-8f317bf e-flex e-con-boxed e-con e-parent\" data-id=\"8f317bf\" data-element_type=\"container\" data-e-type=\"container\" data-settings=\"{&quot;background_background&quot;:&quot;gradient&quot;,&quot;_ha_eqh_enable&quot;:false}\">\n\t\t\t\t\t<div class=\"e-con-inner\">\n\t\t<div class=\"elementor-element elementor-element-5bdb8c3 e-con-full e-flex e-con e-child\" data-id=\"5bdb8c3\" data-element_type=\"container\" data-e-type=\"container\" data-settings=\"{&quot;_ha_eqh_enable&quot;:false}\">\n\t\t\t\t<div class=\"elementor-element elementor-element-f4d4d84 elementor-widget elementor-widget-heading\" data-id=\"f4d4d84\" data-element_type=\"widget\" data-e-type=\"widget\" data-widget_type=\"heading.default\">\n\t\t\t\t\t<h2 class=\"elementor-heading-title elementor-size-default\">Sobre la fundadora<\/h2>\t\t\t\t<\/div>\n\t\t\t\t<div class=\"elementor-element elementor-element-1c038ad elementor-widget elementor-widget-text-editor\" data-id=\"1c038ad\" data-element_type=\"widget\" data-e-type=\"widget\" data-widget_type=\"text-editor.default\">\n\t\t\t\t\t\t\t\t\t<p><span style=\"font-weight: 400;\"><strong>Dolores Johnston<\/strong> es una ecuatoriana residente en Utah, apasionada por crear puentes entre personas, negocios y oportunidades. Su inspiraci\u00f3n naci\u00f3 al ver la necesidad de una plataforma donde grandes y peque\u00f1os negocios pudieran darse a conocer, y donde los usuarios encontraran f\u00e1cilmente los servicios que necesitan.<\/span><span style=\"font-weight: 400;\"><br \/><\/span><\/p>\t\t\t\t\t\t\t\t<\/div>\n\t\t\t\t<div class=\"elementor-element elementor-element-d8381fd elementor-widget elementor-widget-text-editor\" data-id=\"d8381fd\" data-element_type=\"widget\" data-e-type=\"widget\" data-widget_type=\"text-editor.default\">\n\t\t\t\t\t\t\t\t\t<p><span style=\"font-weight: 400;\">Su visi\u00f3n con <strong>Connect Utah<\/strong> es simple pero poderosa: crear una comunidad que se apoya, crece y transforma el futuro de los negocios locales en Utah.<\/span><\/p><p><span style=\"font-weight: 400;\">\u00a0<\/span><\/p>\t\t\t\t\t\t\t\t<\/div>\n\t\t\t\t<\/div>\n\t\t<div class=\"elementor-element elementor-element-1e1972d e-con-full e-flex e-con e-child\" data-id=\"1e1972d\" data-element_type=\"container\" data-e-type=\"container\" data-settings=\"{&quot;_ha_eqh_enable&quot;:false}\">\n\t\t\t\t<div class=\"elementor-element elementor-element-be90084 elementor-widget elementor-widget-image\" data-id=\"be90084\" data-element_type=\"widget\" data-e-type=\"widget\" data-widget_type=\"image.default\">\n\t\t\t\t\t\t\t\t\t\t\t\t\t\t\t<img decoding=\"async\" src=\"https:\/\/connectutahus.com\/wp-content\/uploads\/elementor\/thumbs\/Diseno-sin-titulo-9-rd0tkvgi3i3x5bc7yk6kt5eixqtz9vn4390fgmbv60.png\" title=\"Dise\u00f1o sin t\u00edtulo (9)\" alt=\"Dise\u00f1o sin t\u00edtulo (9)\" loading=\"lazy\" \/>\t\t\t\t\t\t\t\t\t\t\t\t\t\t\t<\/div>\n\t\t\t\t<\/div>\n\t\t\t\t\t<\/div>\n\t\t\t\t<\/div>\n\t\t\t\t<\/div>\n\t\t","protected":false},"excerpt":{"rendered":"<p>Haz que tu negocio brille en la comunidad. Reg\u00edstrate una red que impulsa el crecimiento Unirte a Connect Utah significa ser parte de una red que impulsa el crecimiento de tu negocio y lo conecta con miles de usuarios en el estado. Aqu\u00ed no solo ganas visibilidad, sino tambi\u00e9n confianza y respaldo de una comunidad [&hellip;]<\/p>\n","protected":false},"author":1,"featured_media":0,"parent":0,"menu_order":0,"comment_status":"closed","ping_status":"closed","template":"elementor_header_footer","meta":{"footnotes":""},"class_list":["post-99","page","type-page","status-publish","hentry"],"_links":{"self":[{"href":"https:\/\/connectutahus.com\/en\/wp-json\/wp\/v2\/pages\/99","targetHints":{"allow":["GET"]}}],"collection":[{"href":"https:\/\/connectutahus.com\/en\/wp-json\/wp\/v2\/pages"}],"about":[{"href":"https:\/\/connectutahus.com\/en\/wp-json\/wp\/v2\/types\/page"}],"author":[{"embeddable":true,"href":"https:\/\/connectutahus.com\/en\/wp-json\/wp\/v2\/users\/1"}],"replies":[{"embeddable":true,"href":"https:\/\/connectutahus.com\/en\/wp-json\/wp\/v2\/comments?post=99"}],"version-history":[{"count":20,"href":"https:\/\/connectutahus.com\/en\/wp-json\/wp\/v2\/pages\/99\/revisions"}],"predecessor-version":[{"id":235,"href":"https:\/\/connectutahus.com\/en\/wp-json\/wp\/v2\/pages\/99\/revisions\/235"}],"wp:attachment":[{"href":"https:\/\/connectutahus.com\/en\/wp-json\/wp\/v2\/media?parent=99"}],"curies":[{"name":"wp","href":"https:\/\/api.w.org\/{rel}","templated":true}]}}